{"id":2988,"date":"2023-01-14T08:00:18","date_gmt":"2023-01-14T08:00:18","guid":{"rendered":"http:\/\/coberturaverda.com\/?page_id=2988"},"modified":"2023-03-05T07:05:56","modified_gmt":"2023-03-05T07:05:56","slug":"politica-de-privacidad","status":"publish","type":"page","link":"https:\/\/coberturaverda.com\/index.php\/es\/politica-de-privacidad","title":{"rendered":"Pol\u00edtica de privacidad"},"content":{"rendered":"<div data-colibri-id=\"2988-c1\" class=\"style-764 style-local-2988-c1 position-relative\">\n  <!---->\n  <div data-colibri-component=\"section\" data-colibri-id=\"2988-c2\" id=\"initial-content\" class=\"h-section h-section-global-spacing d-flex align-items-lg-center align-items-md-center align-items-center style-765 style-local-2988-c2 position-relative\">\n    <!---->\n    <!---->\n    <div class=\"h-section-grid-container h-section-boxed-container\">\n      <!---->\n      <div data-colibri-id=\"2988-c3\" class=\"h-row-container gutters-row-lg-2 gutters-row-md-2 gutters-row-0 gutters-row-v-lg-2 gutters-row-v-md-2 gutters-row-v-2 style-766 style-local-2988-c3 position-relative\">\n        <!---->\n        <div class=\"h-row justify-content-lg-center justify-content-md-center justify-content-center align-items-lg-stretch align-items-md-stretch align-items-stretch gutters-col-lg-2 gutters-col-md-2 gutters-col-0 gutters-col-v-lg-2 gutters-col-v-md-2 gutters-col-v-2\">\n          <!---->\n          <div class=\"h-column h-column-container d-flex h-col-lg-auto h-col-md-auto h-col-auto style-767-outer style-local-2988-c4-outer\">\n            <div data-colibri-id=\"2988-c4\" class=\"d-flex h-flex-basis h-column__inner h-px-lg-2 h-px-md-2 h-px-2 v-inner-lg-2 v-inner-md-2 v-inner-2 style-767 style-local-2988-c4 position-relative\">\n              <!---->\n              <!---->\n              <div class=\"w-100 h-y-container h-column__content h-column__v-align flex-basis-100 align-self-lg-start align-self-md-start align-self-start\">\n                <!---->\n                <div data-colibri-id=\"2988-c5\" class=\"h-text h-text-component style-769 style-local-2988-c5 position-relative h-element\">\n                  <!---->\n                  <!---->\n                  <div class=\"\">\n                    <p>P\ufeffOL\u00cdTICA DE PROTECCI\u00d3N, PRIVACIDAD Y PROTECCI\u00d3N DE DATOSPOL\u00cdTICA DE PRIVACIDAD DE REDES SOCIALES De conformidad con el Reglamento Europeo de Protecci\u00f3n de Datos 2016\/679, de 27 de abril, y la Ley 34\/2002, de 11 de julio, de Servicios\n                      de la Sociedad de la Informaci\u00f3n y de Comercio Electr\u00f3nico (LSSI-CE), la empresa MARC AYATS MALLOL&nbsp;con n\u00famero de CIF 41519294B y direcci\u00f3n en 17220 &#8211; Sant Feliu de Gu\u00edxols &#8211; GIRONA para dar cumplimiento a las obligaciones que\n                      en ellas est\u00e1n establecidas:<\/p>\n                    <p>Informa que el dominio web www.coberturaverda.com utiliza las Redes Sociales como facebook, instagram, twitter y youtube con la finalidad principal de publicitarse.<\/p>\n                    <p>Informa que la obtenci\u00f3n de datos que se produzca como consecuencia del uso de las redes sociales desde la cuenta del usuario a alguna de las cuentas mencionadas titularidad de <span style=\"color: rgb(255, 255, 255); font-family: &quot;Open Sans&quot;; font-size: 16px; font-weight: 400;\">MARC AYATS MALLOL<\/span>,\n                      que estos datos s\u00f3lo se utilizan de la propia Red Social y pasar\u00e1n a formar parte del Registro de Actividades del Tratamiento de datos almacenados y que la transmisi\u00f3n de los mismos constituir\u00e1 a dicha empresa como Responsable de\n                      tratamiento, sin perjuicio de que se informe de manera expresa sobre un tratamiento concreto de datos sometido a otras condiciones.<\/p>\n                    <p>El usuario dispone de un perfil en la misma Red Social y ha decidido unirse a la p\u00e1gina creada por MARC AYATS MALLOL, mostrando as\u00ed inter\u00e9s en la informaci\u00f3n que se publicite en la Red Social. En unirse a la p\u00e1gina de <span style=\"font-weight: 400; font-size: 16px; font-family: &quot;Open Sans&quot;; color: rgb(255, 255, 255);\">MARC AYATS MALLOL<\/span>,\n                      facilita el consentimiento para el tratamiento de datos personales contenidos en su perfil.<\/p>\n                    <p><span style=\"font-weight: 400; font-size: 16px; font-family: &quot;Open Sans&quot;; color: rgb(255, 255, 255);\">MARC AYATS MALLOL&nbsp;<\/span>garantiza la protecci\u00f3n de los datos de acuerdo con las disposiciones prescritas en la legislaci\u00f3n\n                      de aplicaci\u00f3n. Para tal fin adoptara las medidas legales, t\u00e9cnicas y organizativas necesarias para evitar la p\u00e9rdida, mal uso, alteraci\u00f3n, acceso no autorizado y robo de los datos personales facilitados, tomando en consideraci\u00f3n\n                      el estado de la tecnolog\u00eda, la naturaleza de los datos recabados, los riesgos a los que est\u00e1n expuestos, as\u00ed como el potencial agravio o lesi\u00f3n en los derechos y libertades que se pudiera causar a los interesados. En consecuencia,\n                      se da cumplimiento al deber de respeto a la privacidad de los usuarios y al secreto y seguridad de los datos personales.<\/p>\n                    <p>Los datos se utilizar\u00e1n exclusivamente con la finalidad para la cual fueron recabados y solo se obtendr\u00e1n aquellos que sean adecuados, pertinentes y los estrictamente necesarios para la consecuci\u00f3n del fin perseguido.<\/p>\n                    <p>La base legitima para el tratamiento de los datos personales se fundamenta en el propio consentimiento del interesado al unirse a la p\u00e1gina de <span style=\"font-weight: 400; font-size: 16px; font-family: &quot;Open Sans&quot;; color: rgb(255, 255, 255);\">MARC AYATS MALLOL<\/span>&nbsp;El\n                      consentimiento expreso, libre y voluntario relativo al tratamiento de los datos del usuario se extiende expl\u00edcitamente a aquellos datos personales publicados en su perfil. El usuario puede acceder en cualquier momento a las pol\u00edticas\n                      de privacidad de la propia Red Social, ofreci\u00e9ndole la posibilidad de configurar su perfil para garantizar su privacidad. MARC AYATS MALLOL est\u00e1 facultada para acceder y tratar aquella informaci\u00f3n p\u00fablica del usuario, con inter\u00e9s\n                      singular, del nombre de contacto.<\/p>\n                    <p>El usuario puede ejercitar sus derechos de acceso, rectificaci\u00f3n, supresi\u00f3n, oposici\u00f3n, portabilidad y limitaci\u00f3n en la direcci\u00f3n arriba indicada. Asimismo, el usuario debe de ser conocedor de las peculiaridades de las redes sociales\n                      y de las limitaciones de <span style=\"font-weight: 400; font-size: 16px; font-family: &quot;Open Sans&quot;; color: rgb(255, 255, 255);\">MARC AYATS MALLOL<\/span> en relaci\u00f3n con la aplicaci\u00f3n de los derechos de acceso, rectificaci\u00f3n,\n                      supresi\u00f3n, oposici\u00f3n, portabilidad y limitaci\u00f3n. Si el usuario tuviese alguna duda al respecto podr\u00e1 consultar las particularidades de cada red social en los clausulados legales de las mismas.<\/p>\n                    <p>El usuario se hace responsable de todo el contenido publicado en los perfiles de redes sociales pertenecientes a <span style=\"font-weight: 400; font-size: 16px; font-family: &quot;Open Sans&quot;; color: rgb(255, 255, 255);\">MARC AYATS MALLOL<\/span>.\n                      El usuario es el \u00fanico responsable de las publicaciones que realice. Y est\u00e1n prohibidas las publicaciones el contenido de las cuales no se ajuste a la legalidad vigente.<\/p>\n                    <p>Los datos personales proporcionados a <span style=\"font-weight: 400; font-size: 16px; font-family: &quot;Open Sans&quot;; color: rgb(255, 255, 255);\">MARC AYATS MALLOL<\/span> se conservar\u00e1n hasta que el interesado solicite su supresi\u00f3n\n                      o rectificaci\u00f3n, se oponga al tratamiento de sus datos o retire su consentimiento. En todo caso, durante el periodo legalmente establecido.<\/p>\n                    <p>No obstante, sin perjuicio de lo anterior los datos ser\u00e1n conservados y debidamente restringidos, a disposici\u00f3n exclusiva de los jueces y tribunales, el Ministerio Fiscal o las Administraciones P\u00fablicas competentes, en particular de\n                      la AEPD u organismo auton\u00f3mico con competencias similares.<\/p>\n                    <p>A continuaci\u00f3n, se establece la relaci\u00f3n de los enlaces a la pol\u00edtica de privacidad de nuestras Redes Sociales:<\/p>\n                    <p>Facebook: https:\/\/es-es.facebook.com\/privacy\/explanation<\/p>\n                    <p>Instagram: https:\/\/www.instagram.com\/accounts\/login\/?next=\/legal\/terms\/<\/p>\n                    <p>Twitter: https:\/\/twitter.com\/es\/privacy<\/p>\n                    <p>Linkedin: https:\/\/es.linkedin.com\/<\/p>\n                    <p>Pinterest: https:\/\/www.pinterest.es\/<\/p>\n                    <p>Youtube: https:\/\/www.youtube.com\/account<\/p>\n                    <p>Google+:https:\/\/policies.google.com\/privacy?hl=ca<\/p>\n                    <p>LSSICE ADAPTACI\u00d3N A LA LEY 34\/2002 DE SERVICIOS DE LA SOCIEDAD DE LA INFORMACI\u00d3N Y COMERCIO ELECTR\u00d3NICO (LSSICE).<\/p>\n                    <p>\n                      <br>\n                    <\/p>\n                  <\/div>\n                <\/div>\n              <\/div>\n            <\/div>\n          <\/div>\n        <\/div>\n      <\/div>\n    <\/div>\n  <\/div>\n<\/div>","protected":false},"excerpt":{"rendered":"<p>P\ufeffOL\u00cdTICA DE PROTECCI\u00d3N, PRIVACIDAD Y PROTECCI\u00d3N DE DATOSPOL\u00cdTICA DE PRIVACIDAD DE REDES SOCIALES De conformidad con el Reglamento Europeo de Protecci\u00f3n de Datos 2016\/679, de 27 de abril, y la Ley 34\/2002, de 11 de julio, de Servicios de la Sociedad de la Informaci\u00f3n y de Comercio Electr\u00f3nico (LSSI-CE), la empresa MARC AYATS MALLOL&nbsp;con n\u00famero [&hellip;]<\/p>\n","protected":false},"author":1,"featured_media":0,"parent":0,"menu_order":0,"comment_status":"closed","ping_status":"open","template":"page-templates\/full-width-page.php","meta":[],"_links":{"self":[{"href":"https:\/\/coberturaverda.com\/index.php\/wp-json\/wp\/v2\/pages\/2988"}],"collection":[{"href":"https:\/\/coberturaverda.com\/index.php\/wp-json\/wp\/v2\/pages"}],"about":[{"href":"https:\/\/coberturaverda.com\/index.php\/wp-json\/wp\/v2\/types\/page"}],"author":[{"embeddable":true,"href":"https:\/\/coberturaverda.com\/index.php\/wp-json\/wp\/v2\/users\/1"}],"replies":[{"embeddable":true,"href":"https:\/\/coberturaverda.com\/index.php\/wp-json\/wp\/v2\/comments?post=2988"}],"version-history":[{"count":4,"href":"https:\/\/coberturaverda.com\/index.php\/wp-json\/wp\/v2\/pages\/2988\/revisions"}],"predecessor-version":[{"id":3222,"href":"https:\/\/coberturaverda.com\/index.php\/wp-json\/wp\/v2\/pages\/2988\/revisions\/3222"}],"wp:attachment":[{"href":"https:\/\/coberturaverda.com\/index.php\/wp-json\/wp\/v2\/media?parent=2988"}],"curies":[{"name":"wp","href":"https:\/\/api.w.org\/{rel}","templated":true}]}}