{"id":3,"date":"2022-06-17T18:52:25","date_gmt":"2022-06-17T18:52:25","guid":{"rendered":"http:\/\/coberturaverda.com\/\/?page_id=3"},"modified":"2023-03-05T07:07:13","modified_gmt":"2023-03-05T07:07:13","slug":"privacy-policy","status":"publish","type":"page","link":"https:\/\/coberturaverda.com\/index.php\/privacy-policy","title":{"rendered":"Politica de privacitat"},"content":{"rendered":"<div data-colibri-id=\"3-c1\" class=\"style-1714 style-local-3-c1 position-relative\">\n  <!---->\n  <div data-colibri-component=\"section\" data-colibri-id=\"3-c2\" id=\"initial-content\" class=\"h-section h-section-global-spacing d-flex align-items-lg-center align-items-md-center align-items-center style-1715 style-local-3-c2 position-relative\">\n    <!---->\n    <!---->\n    <div class=\"h-section-grid-container h-section-boxed-container\">\n      <!---->\n      <div data-colibri-id=\"3-c3\" class=\"h-row-container gutters-row-lg-2 gutters-row-md-2 gutters-row-0 gutters-row-v-lg-2 gutters-row-v-md-2 gutters-row-v-2 style-1716 style-local-3-c3 position-relative\">\n        <!---->\n        <div class=\"h-row justify-content-lg-center justify-content-md-center justify-content-center align-items-lg-stretch align-items-md-stretch align-items-stretch gutters-col-lg-2 gutters-col-md-2 gutters-col-0 gutters-col-v-lg-2 gutters-col-v-md-2 gutters-col-v-2\">\n          <!---->\n          <div class=\"h-column h-column-container d-flex h-col-lg-auto h-col-md-auto h-col-auto style-1717-outer style-local-3-c4-outer\">\n            <div data-colibri-id=\"3-c4\" class=\"d-flex h-flex-basis h-column__inner h-px-lg-2 h-px-md-2 h-px-2 v-inner-lg-2 v-inner-md-2 v-inner-2 style-1717 style-local-3-c4 position-relative\">\n              <!---->\n              <!---->\n              <div class=\"w-100 h-y-container h-column__content h-column__v-align flex-basis-100 align-self-lg-start align-self-md-start align-self-start\">\n                <!---->\n                <div data-colibri-id=\"3-c5\" class=\"h-text h-text-component style-1718 style-local-3-c5 position-relative h-element\">\n                  <!---->\n                  <!---->\n                  <div class=\"\">\n                    <p>POL\u00cdTICA DE PROTECCI\u00d3, PRIVACITAT I PROTECCI\u00d3 DE DADES POL\u00cdTICA DE PRIVACITAT DE XARXES SOCIALS De conformitat amb el Reglament Europeu de Protecci\u00f3 de Dades 2016\/679, de 27 d&#8217;abril, i la Llei 34\/2002, d&#8217;11 de juliol, de serveis de\n                      la Societat de la Informaci\u00f3 i de Comer\u00e7 Electr\u00f2nic (LSSI-CE), l&#8217;empresa MARC AYATS MALLOL amb n\u00famero de CIF 41519294B i direcci\u00f3 el 17220 &#8211; Sant Feliu de Gu\u00edxols &#8211; GIRONA per donar compliment a les obligacions que hi estan establertes:<\/p>\n                    <p>Informa que el domini web www.coberturaverda.com utilitza les Xarxes Socials com a facebook, instagram, twitter i youtube amb la finalitat principal de publicitar-se.<\/p>\n                    <p>Informa que l&#8217;obtenci\u00f3 de dades que es produeixi a conseq\u00fc\u00e8ncia de l&#8217;\u00fas de les xarxes socials des del compte de l&#8217;usuari a algun dels comptes esmentats titularitat de MARC AYATS MALLOL, que aquestes dades nom\u00e9s s&#8217;utilitzen de la Xarxa\n                      Social i passaran a formar-ne part del Registre d&#8217;Activitats del Tractament de dades emmagatzemades i que la transmissi\u00f3 d&#8217;aquestes constituir\u00e0 aquesta empresa com a Responsable de tractament, sense perjudici que s&#8217;informi de manera\n                      expressa sobre un tractament concret de dades sotm\u00e8s a altres condicions.<\/p>\n                    <p>L&#8217;usuari disposa d&#8217;un perfil a la mateixa Xarxa Social i ha decidit unir-se a la p\u00e0gina creada per MARC AYATS MALLOL, mostrant aix\u00ed inter\u00e8s en la informaci\u00f3 que es publiciti a la Xarxa Social. En unir-se a la p\u00e0gina de MARC AYATS MALLOL,\n                      facilita el consentiment per al tractament de dades personals contingudes al seu perfil.<\/p>\n                    <p>MARC AYATS MALLOL garanteix la protecci\u00f3 de les dades d&#8217;acord amb les disposicions prescrites a la legislaci\u00f3 aplicable. Per tal fi adopt\u00e9s les mesures legals, t\u00e8cniques i organitzatives necess\u00e0ries per evitar la p\u00e8rdua, mal \u00fas, alteraci\u00f3,\n                      acc\u00e9s no autoritzat i robatori de les dades personals facilitades, prenent en consideraci\u00f3 l&#8217;estat de la tecnologia, la naturalesa de les dades recollides, els riscos a qu\u00e8 estan exposats, aix\u00ed com el potencial greuge o lesi\u00f3 en\n                      els drets i llibertats que es pogu\u00e9s causar als interessats.En conseq\u00fc\u00e8ncia, es dona compliment al deure de respecte a la privadesa dels usuaris i al secret i seguretat de les dades personals.<\/p>\n                    <p>Les dades s&#8217;utilitzaran exclusivament amb la finalitat per a la qual van ser recollides i nom\u00e9s s&#8217;obtindran les que siguin adequades, pertinents i les estrictament necess\u00e0ries per a la consecuci\u00f3 de la finalitat perseguida.<\/p>\n                    <p>La base legitima per al tractament de les dades personals es fonamenta en el consentiment propi de l&#8217;interessat en unir-se a la p\u00e0gina de MARC AYATS MALLOL El consentiment expr\u00e9s, lliure i voluntari relatiu al tractament de les dades\n                      de l&#8217;usuari s&#8217;est\u00e9n expl\u00edcitament a les dades personals publicades al vostre perfil. L&#8217;usuari pot accedir en qualsevol moment a les pol\u00edtiques de privadesa de la pr\u00f2pia Xarxa Social, oferint-li la possibilitat de configurar el seu\n                      perfil per garantir la seva privadesa. MARC AYATS MALLOL est\u00e0 facultat per accedir i tractar aquella informaci\u00f3 p\u00fablica de l&#8217;usuari, amb inter\u00e8s singular, del nom de contacte.<\/p>\n                    <p>L&#8217;usuari pot exercir els seus drets d&#8217;acc\u00e9s, rectificaci\u00f3, supressi\u00f3, oposici\u00f3, portabilitat i limitaci\u00f3 a la direcci\u00f3 indicada m\u00e9s amunt. Aix\u00ed mateix, l&#8217;usuari ha de ser coneixedor de les peculiaritats de les xarxes socials i de les\n                      limitacions de MARC AYATS MALLOL pel que fa a l&#8217;aplicaci\u00f3 dels drets d&#8217;acc\u00e9s, rectificaci\u00f3, supressi\u00f3, oposici\u00f3, portabilitat i limitaci\u00f3. Si l&#8217;usuari tingu\u00e9s algun dubte al respecte,&nbsp;podr\u00e0 consultar les particularitats de cada\n                      xarxa social als clausulats legals d&#8217;aquestes.<\/p>\n                    <p>L&#8217;usuari es fa responsable de tot el contingut publicat als perfils de xarxes socials pertanyents a MARC AYATS MALLOL. L&#8217;usuari \u00e9s l&#8217;\u00fanic responsable de les publicacions que faci. I estan prohibides les publicacions el contingut de\n                      les quals no s&#8217;ajusti a la legalitat vigent.<\/p>\n                    <p>Les dades personals proporcionades a MARC AYATS MALLOL es conservaran fins que l&#8217;interessat sol\u00b7licite la supressi\u00f3 o rectificaci\u00f3, s&#8217;oposi al tractament de les dades o retiri el consentiment. En tot cas, durant el per\u00edode legalment\n                      establert.<\/p>\n                    <p>Aix\u00f2 no obstant, sense perjudici de l&#8217;anterior les dades seran conservades i degudament restringides, a disposici\u00f3 exclusiva dels jutges i tribunals, el Ministeri Fiscal o les administracions p\u00fabliques competents, en particular de\n                      l&#8217;AEPD o organisme auton\u00f2mic amb compet\u00e8ncies similars.<\/p>\n                    <p>A continuaci\u00f3, s&#8217;estableix la relaci\u00f3 dels enlla\u00e7os a la pol\u00edtica de privadesa de les nostres Xarxes Socials:<\/p>\n                    <p>Facebook: https:\/\/es-es.facebook.com\/privacy\/explanation<\/p>\n                    <p>Instagram: https:\/\/www.instagram.com\/accounts\/login\/?next=\/legal\/terms\/<\/p>\n                    <p>Twitter: https:\/\/twitter.com\/es\/privacy<\/p>\n                    <p>Linkedin: https:\/\/es.linkedin.com\/<\/p>\n                    <p>Pinterest: https:\/\/www.pinterest.es\/<\/p>\n                    <p>Youtube: https:\/\/www.youtube.com\/account<\/p>\n                    <p>Google+:https:\/\/policies.google.com\/privacy?hl=ca<\/p>\n                    <p>LSSICE ADAPTACI\u00d3 A LA LLEI 34\/2002 DE SERVEIS DE LA SOCIETAT DE LA INFORMACI\u00d3 I COMER\u00c7 ELECTR\u00d2NIC (LSSICE).<\/p>\n                    <p>\n                      <br>\n                    <\/p>\n                  <\/div>\n                <\/div>\n              <\/div>\n            <\/div>\n          <\/div>\n        <\/div>\n      <\/div>\n    <\/div>\n  <\/div>\n<\/div>","protected":false},"excerpt":{"rendered":"<p>POL\u00cdTICA DE PROTECCI\u00d3, PRIVACITAT I PROTECCI\u00d3 DE DADES POL\u00cdTICA DE PRIVACITAT DE XARXES SOCIALS De conformitat amb el Reglament Europeu de Protecci\u00f3 de Dades 2016\/679, de 27 d&#8217;abril, i la Llei 34\/2002, d&#8217;11 de juliol, de serveis de la Societat de la Informaci\u00f3 i de Comer\u00e7 Electr\u00f2nic (LSSI-CE), l&#8217;empresa MARC AYATS MALLOL amb n\u00famero de [&hellip;]<\/p>\n","protected":false},"author":1,"featured_media":0,"parent":0,"menu_order":0,"comment_status":"closed","ping_status":"open","template":"page-templates\/full-width-page.php","meta":[],"_links":{"self":[{"href":"https:\/\/coberturaverda.com\/index.php\/wp-json\/wp\/v2\/pages\/3"}],"collection":[{"href":"https:\/\/coberturaverda.com\/index.php\/wp-json\/wp\/v2\/pages"}],"about":[{"href":"https:\/\/coberturaverda.com\/index.php\/wp-json\/wp\/v2\/types\/page"}],"author":[{"embeddable":true,"href":"https:\/\/coberturaverda.com\/index.php\/wp-json\/wp\/v2\/users\/1"}],"replies":[{"embeddable":true,"href":"https:\/\/coberturaverda.com\/index.php\/wp-json\/wp\/v2\/comments?post=3"}],"version-history":[{"count":7,"href":"https:\/\/coberturaverda.com\/index.php\/wp-json\/wp\/v2\/pages\/3\/revisions"}],"predecessor-version":[{"id":3229,"href":"https:\/\/coberturaverda.com\/index.php\/wp-json\/wp\/v2\/pages\/3\/revisions\/3229"}],"wp:attachment":[{"href":"https:\/\/coberturaverda.com\/index.php\/wp-json\/wp\/v2\/media?parent=3"}],"curies":[{"name":"wp","href":"https:\/\/api.w.org\/{rel}","templated":true}]}}