{"id":555,"date":"2022-09-29T16:48:39","date_gmt":"2022-09-29T16:48:39","guid":{"rendered":"http:\/\/coberturaverda.com\/?page_id=555"},"modified":"2023-01-15T08:53:26","modified_gmt":"2023-01-15T08:53:26","slug":"politica-de-cookies","status":"publish","type":"page","link":"https:\/\/coberturaverda.com\/index.php\/politica-de-cookies","title":{"rendered":"Pol\u00edtica de Cookies"},"content":{"rendered":"<div data-colibri-id=\"555-c1\" class=\"style-752 style-local-555-c1 position-relative\">\n  <!---->\n  <div data-colibri-component=\"section\" data-colibri-id=\"555-c2\" id=\"initial-content\" class=\"h-section h-section-global-spacing d-flex align-items-lg-center align-items-md-center align-items-center style-753 style-local-555-c2 position-relative\">\n    <!---->\n    <!---->\n    <div class=\"h-section-grid-container h-section-boxed-container\">\n      <!---->\n      <div data-colibri-id=\"555-c3\" class=\"h-row-container gutters-row-lg-2 gutters-row-md-2 gutters-row-0 gutters-row-v-lg-2 gutters-row-v-md-2 gutters-row-v-2 style-754 style-local-555-c3 position-relative\">\n        <!---->\n        <div class=\"h-row justify-content-lg-center justify-content-md-center justify-content-center align-items-lg-stretch align-items-md-stretch align-items-stretch gutters-col-lg-2 gutters-col-md-2 gutters-col-0 gutters-col-v-lg-2 gutters-col-v-md-2 gutters-col-v-2\">\n          <!---->\n          <div class=\"h-column h-column-container d-flex h-col-lg-auto h-col-md-auto h-col-auto style-755-outer style-local-555-c4-outer\">\n            <div data-colibri-id=\"555-c4\" class=\"d-flex h-flex-basis h-column__inner h-px-lg-2 h-px-md-2 h-px-2 v-inner-lg-2 v-inner-md-2 v-inner-2 style-755 style-local-555-c4 position-relative\">\n              <!---->\n              <!---->\n              <div class=\"w-100 h-y-container h-column__content h-column__v-align flex-basis-100 align-self-lg-start align-self-md-start align-self-start\">\n                <!---->\n                <div data-colibri-id=\"555-c5\" class=\"h-text h-text-component style-757 style-local-555-c5 position-relative h-element\">\n                  <!---->\n                  <!---->\n                  <div class=\"\">\n                    <p>MARC AYATS MALLOL, a trav\u00e9s del present document, recull la seva Pol\u00edtica de recollida i tractament de cookies, en compliment del que disposa l&#8217;article 22.2 de la Llei 34\/2002, d&#8217;11 de juliol, de Serveis de la Societat de la Informaci\u00f3\n                      i de Comer\u00e7 Electr\u00f2nic (LSSICE).<\/p>\n                    <p>Les cookies s&#8217;emmagatzemen a l&#8217;equip terminal de l&#8217;usuari (ordinador o dispositiu m\u00f2bil) i recopilen informaci\u00f3 en visitar la p\u00e0gina web www.coberturaverda.com, amb la finalitat de millorar-ne la usabilitat, con\u00e8ixer els h\u00e0bits o necessitats\n                      de navegaci\u00f3 dels usuaris per poder adaptar-s&#8217;hi, aix\u00ed com obtenir informaci\u00f3 amb finalitats estad\u00edstiques. En el cas d&#8217;aquells usuaris que ja siguin clients de l&#8217;entitat, la informaci\u00f3 demanada amb les galetes servir\u00e0 tamb\u00e9 per\n                      a la seva identificaci\u00f3 en accedir a les diferents eines que l&#8217;entitat posa a la vostra disposici\u00f3 per a la gesti\u00f3 dels serveis.<\/p>\n                    <p>Aquesta Pol\u00edtica de Cookies ser\u00e0 aplicable als usuaris que volunt\u00e0riament visiten les p\u00e0gines web de l&#8217;entitat, emplenen formularis de recollida de dades, accedeixen a les eines que l&#8217;entitat posa a disposici\u00f3 dels seus clients per\n                      gestionar els seus serveis, o utilitzen qualsevol altre servei present al lloc web que impliqui la comunicaci\u00f3 de dades a l&#8217;entitat, o l&#8217;acc\u00e9s a dades per l&#8217;entitat, per a la prestaci\u00f3 dels seus serveis.<\/p>\n                    <p>L&#8217;entitat informa els usuaris de les seves p\u00e0gines web, de l&#8217;exist\u00e8ncia de cookies i posa a la vostra disposici\u00f3 aquesta Pol\u00edtica amb la finalitat d&#8217;informar-vos sobre l&#8217;\u00fas i l&#8217;objecte d&#8217;aquestes. El fet de continuar la navegaci\u00f3 a\n                      trav\u00e9s de les p\u00e0gines suposa el coneixement i l&#8217;acceptaci\u00f3 d&#8217;aquesta Pol\u00edtica per part dels usuaris.<\/p>\n                    <p>MARC AYATS MALLOL utilitza els seg\u00fcents tipus de cookies:<\/p>\n                    <p>\u27a2 Classificades per la titularitat: \u2022 Cookies pr\u00f2pies: enviades i gestionades directament per l&#8217;entitat. \u2022 Cookies de tercers: enviades i gestionades per un tercer ali\u00e8 a l&#8217;entitat, de forma an\u00f2nima, amb la finalitat de realitzar estudis\n                      estad\u00edstics de navegaci\u00f3 per les p\u00e0gines web de l&#8217;entitat. \u27a2 Classificades per la finalitat: \u2022 Galetes t\u00e8cniques i\/o de personalitzaci\u00f3: faciliten la navegaci\u00f3, en identificar la sessi\u00f3, permetre l&#8217;acc\u00e9s a eines d&#8217;acc\u00e9s restringit,\n                      a m\u00e9s de configurar a mida les opcions disponibles. Possibiliten la prestaci\u00f3 del servei sol\u00b7licitat pr\u00e8viament per l&#8217;usuari. \u2022 Cookies d&#8217;an\u00e0lisi i\/o publicitat: permeten con\u00e8ixer el nombre de visites rebudes a les diferents seccions\n                      de les p\u00e0gines web, els h\u00e0bits i tend\u00e8ncies dels seus usuaris i en conseq\u00fc\u00e8ncia, poder millorar la navegaci\u00f3 i servei ofert per l&#8217;entitat (fonamentalment, Google Analytics), aix\u00ed com gestionar els espais publicitaris inclosos en\n                      la p\u00e0gina web visitada per l&#8217;usuari. Recopila dades de forma an\u00f2nima amb la finalitat d&#8217;obtenir perfils de navegaci\u00f3 dels usuaris. \u27a2 Classificades per la seva durada: \u2022 Galetes de sessi\u00f3: recullen i emmagatzemen les dades mentre\n                      l&#8217;usuari accedeix a la p\u00e0gina web. Dades al terminal de l&#8217;usuari durant un per\u00edode de temps variable en funci\u00f3 de quina sigui la finalitat per a la qual han estat utilitzades.<\/p>\n                    <p>El temps de conservaci\u00f3 de les galetes dependr\u00e0 del tipus de qu\u00e8 es tracti i sempre ser\u00e0 el m\u00ednim indispensable per complir la seva finalitat.<\/p>\n                    <p>En qualsevol cas, els usuaris poden configurar el vostre navegador, de manera que es deshabiliti o bloquegi la recepci\u00f3 de totes o algunes de les cookies. El fet de no desitjar rebre aquestes galetes no constitueix un impediment per\n                      poder accedir a la informaci\u00f3 dels llocs web de l&#8217;entitat encara que l&#8217;\u00fas d&#8217;alguns serveis podr\u00e0 ser limitat. Si un cop atorgat el consentiment per a la recepci\u00f3 de cookies, es vol retirar aquest, s&#8217;hauran d&#8217;eliminar aquelles emmagatzemades\n                      a l&#8217;equip de l&#8217;usuari, a trav\u00e9s de les opcions dels diferents navegadors.<\/p>\n                    <p>La forma de configurar els diferents navegadors per exercitar les accions assenyalades als par\u00e0grafs anteriors, es pot consultar a:<\/p>\n                    <p>\u27a2 Explorer:&nbsp;\n                      <a href=\"http:\/\/windows.microsoft.com\/es-es\/windows7\/how-to-manage-cookies-in-internet-explorer-9\" style=\"color: rgb(145, 187, 79);\" class=\"customize-unpreviewable\">http:\/\/windows.microsoft.com\/es-es\/windows7\/how-to-manage-cookies-in-internet-explorer-9<\/a>\u27a2 Chrome:&nbsp;\n                      <a href=\"https:\/\/support.google.com\/chrome\/answer\/95647?hl=es\" style=\"color: rgb(145, 187, 79);\" class=\"customize-unpreviewable\">https:\/\/support.google.com\/chrome\/answer\/95647?hl=es<\/a>\u27a2 Firefox:&nbsp;\n                      <a href=\"http:\/\/support.mozilla.org\/es\/kb\/cookies-informacion-que-los-sitios-web-guardan-en-?redirectlocale=en-US&amp;redirectslug=Cookies\" style=\"color: rgb(145, 187, 79);\"\n                        class=\"customize-unpreviewable\">http:\/\/support.mozilla.org\/es\/kb\/cookies-informacion-que-los-sitios-web-guardan-en-?redirectlocale=en-US&amp;redirectslug=Cookies<\/a>\n                    <\/p>\n                  <\/div>\n                <\/div>\n              <\/div>\n            <\/div>\n          <\/div>\n        <\/div>\n      <\/div>\n    <\/div>\n  <\/div>\n<\/div>","protected":false},"excerpt":{"rendered":"<p>MARC AYATS MALLOL, a trav\u00e9s del present document, recull la seva Pol\u00edtica de recollida i tractament de cookies, en compliment del que disposa l&#8217;article 22.2 de la Llei 34\/2002, d&#8217;11 de juliol, de Serveis de la Societat de la Informaci\u00f3 i de Comer\u00e7 Electr\u00f2nic (LSSICE). Les cookies s&#8217;emmagatzemen a l&#8217;equip terminal de l&#8217;usuari (ordinador o [&hellip;]<\/p>\n","protected":false},"author":1,"featured_media":0,"parent":0,"menu_order":0,"comment_status":"closed","ping_status":"closed","template":"page-templates\/full-width-page.php","meta":[],"_links":{"self":[{"href":"https:\/\/coberturaverda.com\/index.php\/wp-json\/wp\/v2\/pages\/555"}],"collection":[{"href":"https:\/\/coberturaverda.com\/index.php\/wp-json\/wp\/v2\/pages"}],"about":[{"href":"https:\/\/coberturaverda.com\/index.php\/wp-json\/wp\/v2\/types\/page"}],"author":[{"embeddable":true,"href":"https:\/\/coberturaverda.com\/index.php\/wp-json\/wp\/v2\/users\/1"}],"replies":[{"embeddable":true,"href":"https:\/\/coberturaverda.com\/index.php\/wp-json\/wp\/v2\/comments?post=555"}],"version-history":[{"count":9,"href":"https:\/\/coberturaverda.com\/index.php\/wp-json\/wp\/v2\/pages\/555\/revisions"}],"predecessor-version":[{"id":3060,"href":"https:\/\/coberturaverda.com\/index.php\/wp-json\/wp\/v2\/pages\/555\/revisions\/3060"}],"wp:attachment":[{"href":"https:\/\/coberturaverda.com\/index.php\/wp-json\/wp\/v2\/media?parent=555"}],"curies":[{"name":"wp","href":"https:\/\/api.w.org\/{rel}","templated":true}]}}